{"id":229,"date":"2019-06-20T12:31:32","date_gmt":"2019-06-20T12:31:32","guid":{"rendered":"http:\/\/spab-rice.com\/wordpress\/vavo\/demo\/?page_id=229"},"modified":"2025-01-09T14:42:47","modified_gmt":"2025-01-09T13:42:47","slug":"contact","status":"publish","type":"page","link":"https:\/\/romain-emonet.fr\/photo\/contact\/","title":{"rendered":"Contact"},"content":{"rendered":"<div class=\"spacer spacer-small \"><\/div><div class=\"wrapper-medium\"><div  class=\"column-section clearfix spaced-huge  col-align-top no-anim\"><div  class=\"column two-fourth   col1 no-anim\" >\n<h5>Je m\u2019appelle Romain Emonet, et je suis photographe &amp; designer freelance sur les secteurs de Troyes, Nantes et Paris.<\/h5>\n<p>Globetrotteur et passionn\u00e9 de photographie depuis toujours, je la pratique depuis 15 ans et me suis form\u00e9 en autodidacte, lors de mes voyages et explorations citadines. Designer depuis 13 ans, je suis devenu freelance en 2018, et j&rsquo;ai ouvert mon activit\u00e9 \u00e0 la photographie a\u00e9rienne et de reportage en 2022.<\/p>\n<\/div><div  class=\"column one-fourth   col2 no-anim\" >\n<h5>Contact<\/h5>\n<p>+33 6 50 53 47 58<br \/>\ncontact@romain-emonet.fr<\/p>\n<\/div><div  class=\"column one-fourth last-col  col3 no-anim\" ><img loading=\"lazy\" decoding=\"async\" class=\"lazy\" src=\"data:image\/gif;base64,R0lGODlhAQABAIAAAP\/\/\/wAAACH5BAEAAAAALAAAAAABAAEAAAICRAEAOw==\" alt=\"vignette copie\" data-src=\"https:\/\/romain-emonet.fr\/photo\/wp-content\/uploads\/2022\/06\/vignette-copie-2.jpg\" width=\"1204\" height=\"1444\"><\/div><\/div><\/div><div class=\"spacer spacer-big \"><\/div>\n","protected":false},"excerpt":{"rendered":"","protected":false},"author":1,"featured_media":0,"parent":0,"menu_order":0,"comment_status":"closed","ping_status":"closed","template":"","meta":{"footnotes":""},"class_list":["post-229","page","type-page","status-publish","hentry","isotope-item"],"_links":{"self":[{"href":"https:\/\/romain-emonet.fr\/photo\/wp-json\/wp\/v2\/pages\/229","targetHints":{"allow":["GET"]}}],"collection":[{"href":"https:\/\/romain-emonet.fr\/photo\/wp-json\/wp\/v2\/pages"}],"about":[{"href":"https:\/\/romain-emonet.fr\/photo\/wp-json\/wp\/v2\/types\/page"}],"author":[{"embeddable":true,"href":"https:\/\/romain-emonet.fr\/photo\/wp-json\/wp\/v2\/users\/1"}],"replies":[{"embeddable":true,"href":"https:\/\/romain-emonet.fr\/photo\/wp-json\/wp\/v2\/comments?post=229"}],"version-history":[{"count":10,"href":"https:\/\/romain-emonet.fr\/photo\/wp-json\/wp\/v2\/pages\/229\/revisions"}],"predecessor-version":[{"id":1326,"href":"https:\/\/romain-emonet.fr\/photo\/wp-json\/wp\/v2\/pages\/229\/revisions\/1326"}],"wp:attachment":[{"href":"https:\/\/romain-emonet.fr\/photo\/wp-json\/wp\/v2\/media?parent=229"}],"curies":[{"name":"wp","href":"https:\/\/api.w.org\/{rel}","templated":true}]}}